{"id":3327,"date":"2022-08-03T19:12:44","date_gmt":"2022-08-03T19:12:44","guid":{"rendered":"https:\/\/pondlehockydisability.com\/condiciones-de-uso\/"},"modified":"2025-05-08T17:19:48","modified_gmt":"2025-05-08T17:19:48","slug":"condiciones-de-uso","status":"publish","type":"page","link":"https:\/\/pondlehockydisability.com\/es\/condiciones-de-uso\/","title":{"rendered":"Condiciones de uso"},"content":{"rendered":"    <section class=\"pl-block pl-raw-content mb-5 md:mb-7 pl-t [&#038;.border-t-2]:pt-8    \" data-inviewport=\"fadein-slideUp\">\n        <p class=\"p1\">Bienvenido a nuestro sitio web (el \u00abSitio\u00bb), que es propiedad y est\u00e1 gestionado por Pond Lehocky Giordano, LLP (Pond Lehocky Giordano). Pond Lehocky Giordano mantiene el Sitio como un servicio a sus visitantes, sujeto a los siguientes t\u00e9rminos y condiciones relativos a la pol\u00edtica de privacidad del Sitio. Al utilizar el Sitio, usted entiende y se adhiere a la pol\u00edtica de privacidad. Pond Lehocky Giordano se reserva el derecho de modificar peri\u00f3dicamente el contenido del Sitio sin previo aviso.<\/p>\n<p class=\"p1\">Usted puede ver, descargar e imprimir contenidos del Sitio con sujeci\u00f3n a las siguientes condiciones: (a) el contenido puede utilizarse \u00fanicamente con fines informativos; y (b) el contenido no podr\u00e1 modificarse ni alterarse en modo alguno. Usted no puede volver a publicar, distribuir, preparar trabajos derivados o utilizar el contenido de otra manera que no sea la permitida expl\u00edcitamente en este documento.<\/p>\n<p class=\"p1\">Queda prohibido enmarcar o utilizar t\u00e9cnicas de enmarcado para adjuntar cualquier marca comercial, logotipo u otra informaci\u00f3n de propiedad (incluyendo im\u00e1genes, texto, dise\u00f1o de p\u00e1gina o forma) de Pond Lehocky Giordano sin el consentimiento expreso y por escrito de Pond Lehocky Giordano. El usuario no podr\u00e1 utilizar metaetiquetas ni ning\u00fan otro \u00abtexto oculto\u00bb que utilice el nombre o las marcas comerciales de Pond Lehocky Giordano sin el consentimiento expreso y por escrito de Pond Lehocky Giordano. No podr\u00e1 utilizar ning\u00fan logotipo de Pond Lehocky Giordano ni ning\u00fan otro gr\u00e1fico o marca comercial de su propiedad como parte del enlace sin autorizaci\u00f3n expresa por escrito.<\/p>\n<p class=\"p1\">Puede enviar comentarios y proporcionar otros contenidos siempre que \u00e9stos no sean obscenos, ilegales, amenazadores o difamatorios y siempre que no invadan la privacidad o infrinjan la propiedad intelectual de terceros. Adem\u00e1s, dichos contenidos no podr\u00e1n contener virus inform\u00e1ticos, correos masivos, cartas en cadena ni ninguna forma de \u00abspam\u00bb. No podr\u00e1 utilizar una direcci\u00f3n de correo electr\u00f3nico falsa, hacerse pasar por otra persona o entidad, ni inducir a error sobre el origen de la informaci\u00f3n.<\/p>\n<p class=\"p1\">Al enviar informaci\u00f3n, usted concede a Pond Lehocky Giordano el derecho no exclusivo, libre de regal\u00edas, perpetuo, irrevocable y totalmente sublicenciable a reproducir, utilizar, modificar, publicar, adaptar, traducir, crear obras derivadas, distribuir y mostrar dicho contenido en todo el mundo y en cualquier medio. Al enviar informaci\u00f3n, usted tambi\u00e9n declara y garantiza que el contenido es exacto; que es propietario o tiene permiso para utilizar el contenido que env\u00eda; y que el uso del contenido no causar\u00e1 da\u00f1os a ninguna persona o entidad.<\/p>\n<p class=\"p1\">Al enviar su n\u00famero de tel\u00e9fono m\u00f3vil a trav\u00e9s de cualquiera de nuestros formularios en l\u00ednea, usted da su consentimiento para recibir alertas de texto m\u00f3vil con respecto a su caso, noticias de la empresa, actualizaciones e informaci\u00f3n relacionada. Puede recibir mensajes de texto recurrentes de Pond Lehocky Giordano.<\/p>\n<p class=\"p1\">Al registrarte, confirmas que eres mayor de 13 a\u00f1os.<\/p>\n<p class=\"p1\">Usted entiende que enviaremos mensajes de texto a m\u00f3viles utilizando tecnolog\u00eda automatizada.<\/p>\n<p class=\"p1\">Pueden aplicarse tarifas de mensajes y datos. Para OPTAR, responda \u00abSTOP\u00bb. Para obtener ayuda, responda \u00abAYUDA\u00bb. Para m\u00e1s informaci\u00f3n, p\u00f3ngase en contacto con nosotros en\u00a0<a href=\"mailto:info@pondlehocky.com\"><span class=\"s1\"><b>info@pondlehocky.com<\/b><\/span><\/a><b>.<\/b><\/p>\n<p class=\"p1\">Pond Lehocky Giordano se compromete a proteger su privacidad. Puede acceder a nuestra Pol\u00edtica de privacidad <a href=\"https:\/\/pondlehockydisability.com\/es\/politica-de-privacidad\/\"><b>aqu\u00ed<\/b><\/a>.<\/p>\n<p class=\"p1\">El Sitio y todo su contenido son propiedad de Pond Lehocky Giordano y est\u00e1n protegidos por las leyes de derechos de autor de Estados Unidos y las disposiciones de tratados internacionales. La compilaci\u00f3n, organizaci\u00f3n y presentaci\u00f3n del contenido, as\u00ed como todos los programas inform\u00e1ticos e invenciones utilizados en este Sitio y en relaci\u00f3n con el mismo, son propiedad exclusiva de Pond Lehocky Giordano.<\/p>\n<p class=\"p1\">Pond Lehocky Giordano y otras marcas indicadas en nuestro Sitio son marcas registradas de Pond Lehocky Giordano en los Estados Unidos y\/o en otros pa\u00edses. Otras marcas, gr\u00e1ficos, logotipos, encabezados de p\u00e1gina, iconos de botones, scripts de Pond Lehocky Giordano mencionados en el Sitio son marcas de servicio, marcas comerciales e im\u00e1genes comerciales de Pond Lehocky Giordano y son propiedad \u00fanica y exclusiva de Pond Lehocky Giordano. Las marcas de servicio y las marcas comerciales de Pond Lehocky Giordano no pueden utilizarse de ninguna manera que pueda causar confusi\u00f3n entre los clientes, de ninguna manera que menosprecie o desacredite a Pond Lehocky Giordano y en relaci\u00f3n con cualquier servicio o producto que no est\u00e9 patrocinado, respaldado o producido por Pond Lehocky Giordano. Todas las dem\u00e1s marcas comerciales que no son propiedad de Pond Lehocky Giordano o de sus filiales y que aparecen en este Sitio son propiedad de sus respectivos propietarios, que pueden o no estar afiliados, conectados o patrocinados por Pond Lehocky Giordano.<\/p>\n<p class=\"p1\">Porque respetamos su derecho a la privacidad, hemos desarrollado una <a href=\"https:\/\/pondlehockydisability.com\/es\/politica-de-privacidad\/\"><b>Pol\u00edtica de privacidad <\/b><\/a>para informarle sobre nuestras pr\u00e1cticas de privacidad. Consulte la<a href=\"https:\/\/pondlehockydisability.com\/es\/politica-de-privacidad\/\"><span class=\"s1\"><b> Pol\u00edtica de privacidad <\/b><\/span><\/a>para obtener m\u00e1s informaci\u00f3n sobre las directrices de privacidad de la empresa.<\/p>\n<p class=\"p1\">El Sitio puede proporcionar hiperv\u00ednculos a sitios web de terceros o acceso a contenidos de terceros. Pond Lehocky Giordano no controla, aprueba ni garantiza el contenido de dichos sitios. Usted acepta que Pond Lehocky Giordano no es responsable de ning\u00fan contenido, enlaces asociados, recursos o servicios asociados con el sitio de un tercero. Adem\u00e1s, usted acepta que Pond Lehocky Giordano no ser\u00e1 responsable de ninguna p\u00e9rdida o da\u00f1o de ning\u00fan tipo asociado al uso que usted haga del contenido de terceros. Los enlaces y el acceso a estos sitios se facilitan \u00fanicamente para su comodidad.<\/p>\n<p class=\"p1\">SALVO QUE SE INDIQUE EXPRESAMENTE EN UN ACUERDO ENTRE USTED Y POND LEHOCKY GIORDANO, TODOS LOS CONTENIDOS, SERVICIOS Y PRODUCTOS QUE SE OFRECEN EN ESTE SITIO WEB SE PROPORCIONAN \u00abTAL CUAL\u00bb, SIN GARANT\u00cdA DE NING\u00daN TIPO, NI EXPRESA NI IMPL\u00cdCITA. POND LEHOCKY GIORDANO RECHAZA TODAS LAS GARANT\u00cdAS, EXPRESAS O IMPL\u00cdCITAS, INCLUYENDO, SIN LIMITACI\u00d3N. USTED ES EL \u00daNICO RESPONSABLE DE LA IDONEIDAD DEL SITIO, SU CONTENIDO Y LOS PRODUCTOS Y SERVICIOS OFRECIDOS POR POND LEHOCKY GIORDANO EN EL SITIO PARA EL USO PREVISTO. POND LEHOCKY GIORDANO MNO GARANTIZA QUE EL SITIO, SU CONTENIDO O LOS PRODUCTOS Y SERVICIOS QUE OFRECE EN EL SITIO SATISFAGAN SUS NECESIDADES. SUJETO A LOS T\u00c9RMINOS DE CUALQUIER ACUERDO ENTRE USTED Y POND LEHOCKY GIORDANO, POND LEHOCKY GIORDANO NO SER\u00c1 RESPONSABLE DE NING\u00daN DA\u00d1O DIRECTO, INDIRECTO, ESPECIAL, CONSECUENTE, INCIDENTAL O PUNITIVO. ALGUNAS LEYES ESTATALES NO PERMITEN LA LIMITACI\u00d3N DE LAS GARANT\u00cdAS IMPL\u00cdCITAS NI LA EXCLUSI\u00d3N O LIMITACI\u00d3N DE DETERMINADOS DA\u00d1OS. SI ESTAS LEYES LE SON DE APLICACI\u00d3N, ES POSIBLE QUE ALGUNAS O TODAS LAS RENUNCIAS, EXCLUSIONES O LIMITACIONES ANTERIORES NO LE SEAN DE APLICACI\u00d3N, Y PODR\u00cdA TENER DERECHOS ADICIONALES.<\/p>\n<p class=\"p1\">Usted se compromete a defender, indemnizar y mantener indemne a Pond Lehocky Giordano, empleados, abogados y agentes (\u00abIndemnizados\u00bb) contra todas las reclamaciones, gastos, responsabilidades, p\u00e9rdidas, costes y da\u00f1os, incluyendo honorarios razonables de abogados, que los Indemnizados puedan incurrir. (i) en relaci\u00f3n con su uso del Sitio o de cualquier sitio web hipervinculado o (ii) resultantes de los contenidos que usted facilite.<\/p>\n<p class=\"p1\">Todos los asuntos relacionados con su acceso y uso del Sitio se regir\u00e1n por la legislaci\u00f3n federal de EE.UU. o las leyes de los Estados en los que est\u00e9 alojado el sitio web espec\u00edfico que est\u00e1 consultando, sin tener en cuenta los principios de conflicto de leyes. Cualquier acci\u00f3n o procedimiento legal relacionado con su acceso o uso del Sitio deber\u00e1 iniciarse en un tribunal estatal o federal de Pensilvania.<\/p>\n<p class=\"p1\">Si tiene alguna pregunta sobre estas Condiciones, p\u00f3ngase en contacto con Pond Lehocky Giordano en la direcci\u00f3n siguiente <a href=\"mailto:info@pondlehocky.com\"><span class=\"s1\"><b>info@pondlehocky.com<\/b><\/span><\/a><\/p>\n    <\/section>\n\n\n\n\n<p><\/p>\n","protected":false},"excerpt":{"rendered":"","protected":false},"author":1,"featured_media":5293,"parent":0,"menu_order":42,"comment_status":"open","ping_status":"open","template":"page-sidebar.php","meta":{"_acf_changed":true,"footnotes":""},"class_list":["post-3327","page","type-page","status-publish","has-post-thumbnail","hentry"],"acf":[],"yoast_head":"<!-- This site is optimized with the Yoast SEO Premium plugin v24.7 (Yoast SEO v27.3) - https:\/\/yoast.com\/product\/yoast-seo-premium-wordpress\/ -->\n<title>Condiciones de uso | Pond Lehocky Disability<\/title>\n<meta name=\"description\" content=\"Lea las condiciones de uso del sitio web de Pond Lehocky Disability.\" \/>\n<meta name=\"robots\" content=\"index, follow, max-snippet:-1, max-image-preview:large, max-video-preview:-1\" \/>\n<link rel=\"canonical\" href=\"https:\/\/pondlehockydisability.com\/es\/condiciones-de-uso\/\" \/>\n<meta property=\"og:locale\" content=\"es_ES\" \/>\n<meta property=\"og:type\" content=\"article\" \/>\n<meta property=\"og:title\" content=\"Condiciones de uso\" \/>\n<meta property=\"og:description\" content=\"Lea las condiciones de uso del sitio web de Pond Lehocky Disability.\" \/>\n<meta property=\"og:url\" content=\"https:\/\/pondlehockydisability.com\/es\/condiciones-de-uso\/\" \/>\n<meta property=\"og:site_name\" content=\"Pond Lehocky Giordano LLP\" \/>\n<meta property=\"article:publisher\" content=\"https:\/\/www.instagram.com\/pondlehocky\/\" \/>\n<meta property=\"article:modified_time\" content=\"2025-05-08T17:19:48+00:00\" \/>\n<meta property=\"og:image\" content=\"https:\/\/pondlehockydisability.com\/wp-content\/uploads\/2024\/07\/location-bg.jpg\" \/>\n\t<meta property=\"og:image:width\" content=\"1440\" \/>\n\t<meta property=\"og:image:height\" content=\"325\" \/>\n\t<meta property=\"og:image:type\" content=\"image\/jpeg\" \/>\n<meta name=\"twitter:card\" content=\"summary_large_image\" \/>\n<meta name=\"twitter:label1\" content=\"Est. reading time\" \/>\n\t<meta name=\"twitter:data1\" content=\"1 minute\" \/>\n<script type=\"application\/ld+json\" class=\"yoast-schema-graph\">{\"@context\":\"https:\\\/\\\/schema.org\",\"@graph\":[{\"@type\":\"WebPage\",\"@id\":\"https:\\\/\\\/pondlehockydisability.com\\\/es\\\/condiciones-de-uso\\\/\",\"url\":\"https:\\\/\\\/pondlehockydisability.com\\\/es\\\/condiciones-de-uso\\\/\",\"name\":\"Condiciones de uso | Pond Lehocky Disability\",\"isPartOf\":{\"@id\":\"https:\\\/\\\/pondlehockydisability.com\\\/es\\\/#website\"},\"primaryImageOfPage\":{\"@id\":\"https:\\\/\\\/pondlehockydisability.com\\\/es\\\/condiciones-de-uso\\\/#primaryimage\"},\"image\":{\"@id\":\"https:\\\/\\\/pondlehockydisability.com\\\/es\\\/condiciones-de-uso\\\/#primaryimage\"},\"thumbnailUrl\":\"https:\\\/\\\/pondlehockydisability.com\\\/wp-content\\\/uploads\\\/2024\\\/07\\\/location-bg.jpg\",\"datePublished\":\"2022-08-03T19:12:44+00:00\",\"dateModified\":\"2025-05-08T17:19:48+00:00\",\"description\":\"Lea las condiciones de uso del sitio web de Pond Lehocky Disability.\",\"breadcrumb\":{\"@id\":\"https:\\\/\\\/pondlehockydisability.com\\\/es\\\/condiciones-de-uso\\\/#breadcrumb\"},\"inLanguage\":\"es-ES\",\"potentialAction\":[{\"@type\":\"ReadAction\",\"target\":[\"https:\\\/\\\/pondlehockydisability.com\\\/es\\\/condiciones-de-uso\\\/\"]}]},{\"@type\":\"ImageObject\",\"inLanguage\":\"es-ES\",\"@id\":\"https:\\\/\\\/pondlehockydisability.com\\\/es\\\/condiciones-de-uso\\\/#primaryimage\",\"url\":\"https:\\\/\\\/pondlehockydisability.com\\\/wp-content\\\/uploads\\\/2024\\\/07\\\/location-bg.jpg\",\"contentUrl\":\"https:\\\/\\\/pondlehockydisability.com\\\/wp-content\\\/uploads\\\/2024\\\/07\\\/location-bg.jpg\",\"width\":1440,\"height\":325,\"caption\":\"view of skyscraper\"},{\"@type\":\"BreadcrumbList\",\"@id\":\"https:\\\/\\\/pondlehockydisability.com\\\/es\\\/condiciones-de-uso\\\/#breadcrumb\",\"itemListElement\":[{\"@type\":\"ListItem\",\"position\":1,\"name\":\"Home\",\"item\":\"https:\\\/\\\/pondlehockydisability.com\\\/es\\\/\"},{\"@type\":\"ListItem\",\"position\":2,\"name\":\"Condiciones de uso\"}]},{\"@type\":\"WebSite\",\"@id\":\"https:\\\/\\\/pondlehockydisability.com\\\/es\\\/#website\",\"url\":\"https:\\\/\\\/pondlehockydisability.com\\\/es\\\/\",\"name\":\"Pond Lehocky Giordano LLP\",\"description\":\"Largest workers\u2019 compensation and Social Security disability law firm in Pennsylvania\",\"publisher\":{\"@id\":\"https:\\\/\\\/pondlehockydisability.com\\\/es\\\/#organization\"},\"potentialAction\":[{\"@type\":\"SearchAction\",\"target\":{\"@type\":\"EntryPoint\",\"urlTemplate\":\"https:\\\/\\\/pondlehockydisability.com\\\/es\\\/?s={search_term_string}\"},\"query-input\":{\"@type\":\"PropertyValueSpecification\",\"valueRequired\":true,\"valueName\":\"search_term_string\"}}],\"inLanguage\":\"es-ES\"},{\"@type\":\"Organization\",\"@id\":\"https:\\\/\\\/pondlehockydisability.com\\\/es\\\/#organization\",\"name\":\"Pond Lehocky Giordano LLP\",\"url\":\"https:\\\/\\\/pondlehockydisability.com\\\/es\\\/\",\"logo\":{\"@type\":\"ImageObject\",\"inLanguage\":\"es-ES\",\"@id\":\"https:\\\/\\\/pondlehockydisability.com\\\/es\\\/#\\\/schema\\\/logo\\\/image\\\/\",\"url\":\"https:\\\/\\\/pondlehockydisability.com\\\/wp-content\\\/uploads\\\/2025\\\/03\\\/pond-lehocky-logo.png\",\"contentUrl\":\"https:\\\/\\\/pondlehockydisability.com\\\/wp-content\\\/uploads\\\/2025\\\/03\\\/pond-lehocky-logo.png\",\"width\":183,\"height\":40,\"caption\":\"Pond Lehocky Giordano LLP\"},\"image\":{\"@id\":\"https:\\\/\\\/pondlehockydisability.com\\\/es\\\/#\\\/schema\\\/logo\\\/image\\\/\"},\"sameAs\":[\"https:\\\/\\\/www.instagram.com\\\/pondlehocky\\\/\",\"https:\\\/\\\/www.youtube.com\\\/user\\\/pondlehocky\",\"https:\\\/\\\/www.tiktok.com\\\/@pondlehockygiordano\",\"https:\\\/\\\/www.facebook.com\\\/PondLehocky\",\"https:\\\/\\\/www.linkedin.com\\\/company\\\/pond-lehocky-giordano\\\/\"]}]}<\/script>\n<!-- \/ Yoast SEO Premium plugin. -->","yoast_head_json":{"title":"Condiciones de uso | Pond Lehocky Disability","description":"Lea las condiciones de uso del sitio web de Pond Lehocky Disability.","robots":{"index":"index","follow":"follow","max-snippet":"max-snippet:-1","max-image-preview":"max-image-preview:large","max-video-preview":"max-video-preview:-1"},"canonical":"https:\/\/pondlehockydisability.com\/es\/condiciones-de-uso\/","og_locale":"es_ES","og_type":"article","og_title":"Condiciones de uso","og_description":"Lea las condiciones de uso del sitio web de Pond Lehocky Disability.","og_url":"https:\/\/pondlehockydisability.com\/es\/condiciones-de-uso\/","og_site_name":"Pond Lehocky Giordano LLP","article_publisher":"https:\/\/www.instagram.com\/pondlehocky\/","article_modified_time":"2025-05-08T17:19:48+00:00","og_image":[{"width":1440,"height":325,"url":"https:\/\/pondlehockydisability.com\/wp-content\/uploads\/2024\/07\/location-bg.jpg","type":"image\/jpeg"}],"twitter_card":"summary_large_image","twitter_misc":{"Est. reading time":"1 minute"},"schema":{"@context":"https:\/\/schema.org","@graph":[{"@type":"WebPage","@id":"https:\/\/pondlehockydisability.com\/es\/condiciones-de-uso\/","url":"https:\/\/pondlehockydisability.com\/es\/condiciones-de-uso\/","name":"Condiciones de uso | Pond Lehocky Disability","isPartOf":{"@id":"https:\/\/pondlehockydisability.com\/es\/#website"},"primaryImageOfPage":{"@id":"https:\/\/pondlehockydisability.com\/es\/condiciones-de-uso\/#primaryimage"},"image":{"@id":"https:\/\/pondlehockydisability.com\/es\/condiciones-de-uso\/#primaryimage"},"thumbnailUrl":"https:\/\/pondlehockydisability.com\/wp-content\/uploads\/2024\/07\/location-bg.jpg","datePublished":"2022-08-03T19:12:44+00:00","dateModified":"2025-05-08T17:19:48+00:00","description":"Lea las condiciones de uso del sitio web de Pond Lehocky Disability.","breadcrumb":{"@id":"https:\/\/pondlehockydisability.com\/es\/condiciones-de-uso\/#breadcrumb"},"inLanguage":"es-ES","potentialAction":[{"@type":"ReadAction","target":["https:\/\/pondlehockydisability.com\/es\/condiciones-de-uso\/"]}]},{"@type":"ImageObject","inLanguage":"es-ES","@id":"https:\/\/pondlehockydisability.com\/es\/condiciones-de-uso\/#primaryimage","url":"https:\/\/pondlehockydisability.com\/wp-content\/uploads\/2024\/07\/location-bg.jpg","contentUrl":"https:\/\/pondlehockydisability.com\/wp-content\/uploads\/2024\/07\/location-bg.jpg","width":1440,"height":325,"caption":"view of skyscraper"},{"@type":"BreadcrumbList","@id":"https:\/\/pondlehockydisability.com\/es\/condiciones-de-uso\/#breadcrumb","itemListElement":[{"@type":"ListItem","position":1,"name":"Home","item":"https:\/\/pondlehockydisability.com\/es\/"},{"@type":"ListItem","position":2,"name":"Condiciones de uso"}]},{"@type":"WebSite","@id":"https:\/\/pondlehockydisability.com\/es\/#website","url":"https:\/\/pondlehockydisability.com\/es\/","name":"Pond Lehocky Giordano LLP","description":"Largest workers\u2019 compensation and Social Security disability law firm in Pennsylvania","publisher":{"@id":"https:\/\/pondlehockydisability.com\/es\/#organization"},"potentialAction":[{"@type":"SearchAction","target":{"@type":"EntryPoint","urlTemplate":"https:\/\/pondlehockydisability.com\/es\/?s={search_term_string}"},"query-input":{"@type":"PropertyValueSpecification","valueRequired":true,"valueName":"search_term_string"}}],"inLanguage":"es-ES"},{"@type":"Organization","@id":"https:\/\/pondlehockydisability.com\/es\/#organization","name":"Pond Lehocky Giordano LLP","url":"https:\/\/pondlehockydisability.com\/es\/","logo":{"@type":"ImageObject","inLanguage":"es-ES","@id":"https:\/\/pondlehockydisability.com\/es\/#\/schema\/logo\/image\/","url":"https:\/\/pondlehockydisability.com\/wp-content\/uploads\/2025\/03\/pond-lehocky-logo.png","contentUrl":"https:\/\/pondlehockydisability.com\/wp-content\/uploads\/2025\/03\/pond-lehocky-logo.png","width":183,"height":40,"caption":"Pond Lehocky Giordano LLP"},"image":{"@id":"https:\/\/pondlehockydisability.com\/es\/#\/schema\/logo\/image\/"},"sameAs":["https:\/\/www.instagram.com\/pondlehocky\/","https:\/\/www.youtube.com\/user\/pondlehocky","https:\/\/www.tiktok.com\/@pondlehockygiordano","https:\/\/www.facebook.com\/PondLehocky","https:\/\/www.linkedin.com\/company\/pond-lehocky-giordano\/"]}]}},"_links":{"self":[{"href":"https:\/\/pondlehockydisability.com\/es\/wp-json\/wp\/v2\/pages\/3327","targetHints":{"allow":["GET"]}}],"collection":[{"href":"https:\/\/pondlehockydisability.com\/es\/wp-json\/wp\/v2\/pages"}],"about":[{"href":"https:\/\/pondlehockydisability.com\/es\/wp-json\/wp\/v2\/types\/page"}],"author":[{"embeddable":true,"href":"https:\/\/pondlehockydisability.com\/es\/wp-json\/wp\/v2\/users\/1"}],"replies":[{"embeddable":true,"href":"https:\/\/pondlehockydisability.com\/es\/wp-json\/wp\/v2\/comments?post=3327"}],"version-history":[{"count":0,"href":"https:\/\/pondlehockydisability.com\/es\/wp-json\/wp\/v2\/pages\/3327\/revisions"}],"wp:featuredmedia":[{"embeddable":true,"href":"https:\/\/pondlehockydisability.com\/es\/wp-json\/wp\/v2\/media\/5293"}],"wp:attachment":[{"href":"https:\/\/pondlehockydisability.com\/es\/wp-json\/wp\/v2\/media?parent=3327"}],"curies":[{"name":"wp","href":"https:\/\/api.w.org\/{rel}","templated":true}]}}