{"id":7834,"date":"2025-04-29T19:09:32","date_gmt":"2025-04-29T19:09:32","guid":{"rendered":"https:\/\/pondlehockydisability.com\/?page_id=7834"},"modified":"2025-12-01T19:09:41","modified_gmt":"2025-12-01T19:09:41","slug":"politica-de-privacidad","status":"publish","type":"page","link":"https:\/\/pondlehockydisability.com\/es\/politica-de-privacidad\/","title":{"rendered":"Pol\u00edtica de privacidad"},"content":{"rendered":"    <section class=\"pl-block pl-raw-content mb-5 md:mb-7 pl-t [&#038;.border-t-2]:pt-8    \" data-inviewport=\"fadein-slideUp\">\n        <h2><span class=\"ez-toc-section\" id=\"%C2%BFQue_informacion_recogemos\"><\/span>\u00bfQu\u00e9 informaci\u00f3n recogemos?<span class=\"ez-toc-section-end\"><\/span><\/h2>\n<p>Recogemos informaci\u00f3n suya cuando se registra en nuestro sitio, se suscribe a nuestro bolet\u00edn de noticias, responde a una encuesta o rellena un formulario.<\/p>\n<p>Al registrarse en nuestro sitio, seg\u00fan el caso, se le puede pedir que introduzca su nombre, direcci\u00f3n de correo electr\u00f3nico, direcci\u00f3n postal o n\u00famero de tel\u00e9fono. No obstante, puede visitar nuestro sitio de forma an\u00f3nima.<\/p>\n    <\/section>\n\n\n\n    <section class=\"pl-block pl-raw-content mb-5 md:mb-7 pl-t [&#038;.border-t-2]:pt-8    \" data-inviewport=\"fadein-slideUp\">\n        <h2><span class=\"ez-toc-section\" id=\"%C2%BFPara_que_utilizamos_sus_datos\"><\/span>\u00bfPara qu\u00e9 utilizamos sus datos?<span class=\"ez-toc-section-end\"><\/span><\/h2>\n<p><strong>Toda la informaci\u00f3n que recopilamos de usted puede ser utilizada de una de las siguientes maneras:<\/strong><\/p>\n<ul>\n<li>Para personalizar su experiencia (su informaci\u00f3n nos ayuda a responder mejor a sus necesidades individuales)<\/li>\n<li>Para mejorar nuestro sitio web (nos esforzamos continuamente por mejorar nuestra oferta de sitios web sobre la base de la informaci\u00f3n y los comentarios que recibimos de usted)<\/li>\n<li>Para mejorar el servicio al cliente (su informaci\u00f3n nos ayuda a responder m\u00e1s eficazmente a sus solicitudes de servicio al cliente y necesidades de apoyo)<\/li>\n<li>Para enviar mensajes de texto automatizados. El n\u00famero de m\u00f3vil que proporcione podr\u00e1 utilizarse para enviar alertas de texto sobre su caso, noticias de la empresa, actualizaciones e informaci\u00f3n relacionada. Puedes cancelarlo en cualquier momento enviando un mensaje de texto con la palabra \u00abSTOP\u00bb.<\/li>\n<li>Y para enviar correos electr\u00f3nicos peri\u00f3dicos. La direcci\u00f3n de correo electr\u00f3nico que nos proporcione podr\u00e1 ser utilizada para enviarle informaci\u00f3n y actualizaciones, adem\u00e1s de recibir noticias de la empresa, actualizaciones e informaci\u00f3n relacionada.<\/li>\n<\/ul>\n<p><strong>Nota:<\/strong><\/p>\n<p>Si en alg\u00fan momento desea darse de baja para no recibir m\u00e1s correos electr\u00f3nicos, incluimos instrucciones detalladas para darse de baja en la parte inferior de cada correo electr\u00f3nico.<\/p>\n    <\/section>\n\n\n\n    <section class=\"pl-block pl-raw-content mb-5 md:mb-7 pl-t [&#038;.border-t-2]:pt-8    \" data-inviewport=\"fadein-slideUp\">\n        <h2><span class=\"ez-toc-section\" id=\"%C2%BFComo_protegemos_su_informacion\"><\/span>\u00bfC\u00f3mo protegemos su informaci\u00f3n?<span class=\"ez-toc-section-end\"><\/span><\/h2>\n<p>Aplicamos diversas medidas de seguridad para mantener la seguridad de su informaci\u00f3n personal.<\/p>\n    <\/section>\n\n\n\n    <section class=\"pl-block pl-raw-content mb-5 md:mb-7 pl-t [&#038;.border-t-2]:pt-8    \" data-inviewport=\"fadein-slideUp\">\n        <h2><span class=\"ez-toc-section\" id=\"%C2%BFUtilizamos_cookies\"><\/span>\u00bfUtilizamos cookies?<span class=\"ez-toc-section-end\"><\/span><\/h2>\n<p>S\u00ed. Las cookies son peque\u00f1os archivos que un sitio o su proveedor de servicios transfiere al disco duro de su ordenador a trav\u00e9s de su navegador web (si usted lo permite) y que permiten a los sitios o sistemas del proveedor de servicios reconocer su navegador y capturar y recordar cierta informaci\u00f3n. Utilizamos cookies para ayudarnos a recordar y entender y guardar sus preferencias para futuras visitas y compilar datos agregados sobre el tr\u00e1fico del sitio y la interacci\u00f3n del sitio para que podamos ofrecer mejores experiencias y herramientas del sitio en el futuro.<\/p>\n<p>Si lo prefiere, puede elegir que su ordenador le avise cada vez que se env\u00ede una cookie, o puede optar por desactivar todas las cookies a trav\u00e9s de la configuraci\u00f3n de su navegador. Como la mayor\u00eda de los sitios web, si desactiva las cookies, algunos de nuestros servicios pueden no funcionar correctamente.<\/p>\n    <\/section>\n\n\n\n    <section class=\"pl-block pl-raw-content mb-5 md:mb-7 pl-t [&#038;.border-t-2]:pt-8    \" data-inviewport=\"fadein-slideUp\">\n        <h2><span class=\"ez-toc-section\" id=\"%C2%BFDivulgamos_informacion_sobre_usted_a_terceros\"><\/span>\u00bfDivulgamos informaci\u00f3n sobre usted a terceros?<span class=\"ez-toc-section-end\"><\/span><\/h2>\n<p>No vendemos, comerciamos ni transferimos de ninguna manera su informaci\u00f3n personal identificable a terceros. Esto no incluye a los terceros de confianza que nos ayudan a operar nuestro sitio web, a llevar a cabo nuestro negocio o a prestarle servicio, siempre y cuando dichas partes se comprometan a mantener la confidencialidad de esta informaci\u00f3n. Tambi\u00e9n podemos divulgar su informaci\u00f3n cuando creamos que es apropiado para cumplir con la ley; hacer cumplir las pol\u00edticas de nuestro sitio; o proteger nuestros derechos, propiedad o seguridad o los de otros. Sin embargo, la informaci\u00f3n no personal de los visitantes puede ser proporcionada a otras partes con fines de marketing, publicidad u otros usos.<\/p>\n    <\/section>\n\n\n\n    <section class=\"pl-block pl-raw-content mb-5 md:mb-7 pl-t [&#038;.border-t-2]:pt-8    \" data-inviewport=\"fadein-slideUp\">\n        <h2><span class=\"ez-toc-section\" id=\"Politica_de_privacidad_de_los_mensajes_de_texto\"><\/span>Pol\u00edtica de privacidad de los mensajes de texto:<span class=\"ez-toc-section-end\"><\/span><\/h2>\n<p>Seg\u00fan las Condiciones de uso de nuestro sitio, al enviando a su n\u00famero de m\u00f3vil a trav\u00e9s de cualquiera de nuestros formularios en l\u00ednea, usted da su consentimiento para recibir alertas de texto m\u00f3vil sobre su caso, noticias de la empresa, actualizaciones e informaci\u00f3n relacionada. Puede recibir Mensajes de texto recurrentes sobre discapacidad de Pond Lehocky. En enviar su n\u00famero de m\u00f3vil, usted est\u00e1 confirmando es mayor de 13 a\u00f1os. Enviaremos mensajes de texto a m\u00f3viles utilizando tecnolog\u00eda automatizada. Pueden aplicarse tarifas est\u00e1ndar de mensajes y datos. Puede darse de baja en cualquier momento enviando un mensaje de texto a \u00abSTOP\u00bb.<\/p>\n    <\/section>\n\n\n\n    <section class=\"pl-block pl-raw-content mb-5 md:mb-7 pl-t [&#038;.border-t-2]:pt-8    \" data-inviewport=\"fadein-slideUp\">\n        <h2><span class=\"ez-toc-section\" id=\"Politica_de_privacidad_en_linea_solamente\"><\/span>Pol\u00edtica de privacidad en l\u00ednea solamente:<span class=\"ez-toc-section-end\"><\/span><\/h2>\n<p>Esta pol\u00edtica de privacidad en l\u00ednea s\u00f3lo se aplica a la informaci\u00f3n recogida a trav\u00e9s de nuestro sitio web y no a la informaci\u00f3n recogida fuera de l\u00ednea.<\/p>\n    <\/section>\n\n\n\n    <section class=\"pl-block pl-raw-content mb-5 md:mb-7 pl-t [&#038;.border-t-2]:pt-8    \" data-inviewport=\"fadein-slideUp\">\n        <h2><span class=\"ez-toc-section\" id=\"Condiciones_de_uso\"><\/span>Condiciones de uso:<span class=\"ez-toc-section-end\"><\/span><\/h2>\n<p>Visite tambi\u00e9n nuestra secci\u00f3n \u00abCondiciones de uso\u00bb en la que se establecen el uso, las exenciones de responsabilidad y las limitaciones de responsabilidad que rigen el uso de nuestro sitio web en<br \/>\n<a href=\"https:\/\/pondlehockydisability.com\/terms-of-use\/\">https:\/\/pondlehockydisability.com\/terms-of-use\/<\/a><\/p>\n    <\/section>\n\n\n\n    <section class=\"pl-block pl-raw-content mb-5 md:mb-7 pl-t [&#038;.border-t-2]:pt-8    \" data-inviewport=\"fadein-slideUp\">\n        <h2><span class=\"ez-toc-section\" id=\"Su_consentimiento\"><\/span>Su consentimiento:<span class=\"ez-toc-section-end\"><\/span><\/h2>\n<p>Al acceder a este sitio y proporcionarnos informaci\u00f3n, usted acepta nuestra pol\u00edtica de privacidad.<\/p>\n    <\/section>\n\n\n\n    <section class=\"pl-block pl-raw-content mb-5 md:mb-7 pl-t [&#038;.border-t-2]:pt-8    \" data-inviewport=\"fadein-slideUp\">\n        <h2><span class=\"ez-toc-section\" id=\"Cambios_en_nuestra_politica_de_privacidad\"><\/span>Cambios en nuestra pol\u00edtica de privacidad:<span class=\"ez-toc-section-end\"><\/span><\/h2>\n<p>Si decidimos cambiar nuestra pol\u00edtica de privacidad, publicaremos esos cambios en esta p\u00e1gina, y\/o actualizaremos la fecha de modificaci\u00f3n de la pol\u00edtica de privacidad que aparece a continuaci\u00f3n. Esta pol\u00edtica se modific\u00f3 por \u00faltima vez el 31\/5\/23.<\/p>\n    <\/section>\n\n\n\n    <section class=\"pl-block pl-raw-content mb-5 md:mb-7 pl-t [&#038;.border-t-2]:pt-8    \" data-inviewport=\"fadein-slideUp\">\n        <h2><span class=\"ez-toc-section\" id=\"Pongase_en_contacto_con_nosotros\"><\/span>P\u00f3ngase en contacto con nosotros:<span class=\"ez-toc-section-end\"><\/span><\/h2>\n<p>Si tiene alguna pregunta sobre esta pol\u00edtica de privacidad, puede ponerse en contacto con nosotros utilizando la informaci\u00f3n que figura a continuaci\u00f3n:<\/p>\n<p><strong>Pond Lehocky Giordano Disability, LLC<\/strong><br \/>\n2005 Market Street, Suite 350<br \/>\nFiladelfia, PA 19103<\/p>\n<p>Tel\u00e9fono:<br \/>\n<a href=\"tel:12155687500\">215-568-7500<\/a><\/p>\n<p>Correo electr\u00f3nico<br \/>\n<a href=\"mailto:info@pldisability.com\">info@pldisability.com<\/a><\/p>\n    <\/section>\n\n\n\n\n<p><\/p>\n","protected":false},"excerpt":{"rendered":"","protected":false},"author":36,"featured_media":0,"parent":0,"menu_order":0,"comment_status":"closed","ping_status":"closed","template":"templates\/template-container-page.php","meta":{"_acf_changed":true,"footnotes":""},"class_list":["post-7834","page","type-page","status-publish","hentry"],"acf":[],"yoast_head":"<!-- This site is optimized with the Yoast SEO Premium plugin v24.7 (Yoast SEO v27.3) - https:\/\/yoast.com\/product\/yoast-seo-premium-wordpress\/ -->\n<title>Pol\u00edtica de privacidad | Pond Lehocky Disability<\/title>\n<meta name=\"description\" content=\"Conozca c\u00f3mo protegemos su informaci\u00f3n personal en Pond Lehocky. Nuestra pol\u00edtica de privacidad garantiza su seguridad.\" \/>\n<meta name=\"robots\" content=\"index, follow, max-snippet:-1, max-image-preview:large, max-video-preview:-1\" \/>\n<link rel=\"canonical\" href=\"https:\/\/pondlehockydisability.com\/es\/politica-de-privacidad\/\" \/>\n<meta property=\"og:locale\" content=\"es_ES\" \/>\n<meta property=\"og:type\" content=\"article\" \/>\n<meta property=\"og:title\" content=\"Pol\u00edtica de privacidad\" \/>\n<meta property=\"og:description\" content=\"Conozca c\u00f3mo protegemos su informaci\u00f3n personal en Pond Lehocky. Nuestra pol\u00edtica de privacidad garantiza su seguridad.\" \/>\n<meta property=\"og:url\" content=\"https:\/\/pondlehockydisability.com\/es\/politica-de-privacidad\/\" \/>\n<meta property=\"og:site_name\" content=\"Pond Lehocky Giordano LLP\" \/>\n<meta property=\"article:publisher\" content=\"https:\/\/www.instagram.com\/pondlehocky\/\" \/>\n<meta property=\"article:modified_time\" content=\"2025-12-01T19:09:41+00:00\" \/>\n<meta property=\"og:image\" content=\"https:\/\/pondlehockydisability.com\/wp-content\/uploads\/2024\/10\/Tell-Us-Your-Story.jpg\" \/>\n\t<meta property=\"og:image:width\" content=\"1440\" \/>\n\t<meta property=\"og:image:height\" content=\"653\" \/>\n\t<meta property=\"og:image:type\" content=\"image\/jpeg\" \/>\n<meta name=\"twitter:card\" content=\"summary_large_image\" \/>\n<script type=\"application\/ld+json\" class=\"yoast-schema-graph\">{\"@context\":\"https:\\\/\\\/schema.org\",\"@graph\":[{\"@type\":\"WebPage\",\"@id\":\"https:\\\/\\\/pondlehockydisability.com\\\/es\\\/politica-de-privacidad\\\/\",\"url\":\"https:\\\/\\\/pondlehockydisability.com\\\/es\\\/politica-de-privacidad\\\/\",\"name\":\"Pol\u00edtica de privacidad | Pond Lehocky Disability\",\"isPartOf\":{\"@id\":\"https:\\\/\\\/pondlehockydisability.com\\\/es\\\/#website\"},\"datePublished\":\"2025-04-29T19:09:32+00:00\",\"dateModified\":\"2025-12-01T19:09:41+00:00\",\"description\":\"Conozca c\u00f3mo protegemos su informaci\u00f3n personal en Pond Lehocky. Nuestra pol\u00edtica de privacidad garantiza su seguridad.\",\"breadcrumb\":{\"@id\":\"https:\\\/\\\/pondlehockydisability.com\\\/es\\\/politica-de-privacidad\\\/#breadcrumb\"},\"inLanguage\":\"es-ES\",\"potentialAction\":[{\"@type\":\"ReadAction\",\"target\":[\"https:\\\/\\\/pondlehockydisability.com\\\/es\\\/politica-de-privacidad\\\/\"]}]},{\"@type\":\"BreadcrumbList\",\"@id\":\"https:\\\/\\\/pondlehockydisability.com\\\/es\\\/politica-de-privacidad\\\/#breadcrumb\",\"itemListElement\":[{\"@type\":\"ListItem\",\"position\":1,\"name\":\"Home\",\"item\":\"https:\\\/\\\/pondlehockydisability.com\\\/es\\\/\"},{\"@type\":\"ListItem\",\"position\":2,\"name\":\"Pol\u00edtica de privacidad\"}]},{\"@type\":\"WebSite\",\"@id\":\"https:\\\/\\\/pondlehockydisability.com\\\/es\\\/#website\",\"url\":\"https:\\\/\\\/pondlehockydisability.com\\\/es\\\/\",\"name\":\"Pond Lehocky Giordano LLP\",\"description\":\"Largest workers\u2019 compensation and Social Security disability law firm in Pennsylvania\",\"publisher\":{\"@id\":\"https:\\\/\\\/pondlehockydisability.com\\\/es\\\/#organization\"},\"potentialAction\":[{\"@type\":\"SearchAction\",\"target\":{\"@type\":\"EntryPoint\",\"urlTemplate\":\"https:\\\/\\\/pondlehockydisability.com\\\/es\\\/?s={search_term_string}\"},\"query-input\":{\"@type\":\"PropertyValueSpecification\",\"valueRequired\":true,\"valueName\":\"search_term_string\"}}],\"inLanguage\":\"es-ES\"},{\"@type\":\"Organization\",\"@id\":\"https:\\\/\\\/pondlehockydisability.com\\\/es\\\/#organization\",\"name\":\"Pond Lehocky Giordano LLP\",\"url\":\"https:\\\/\\\/pondlehockydisability.com\\\/es\\\/\",\"logo\":{\"@type\":\"ImageObject\",\"inLanguage\":\"es-ES\",\"@id\":\"https:\\\/\\\/pondlehockydisability.com\\\/es\\\/#\\\/schema\\\/logo\\\/image\\\/\",\"url\":\"https:\\\/\\\/pondlehockydisability.com\\\/wp-content\\\/uploads\\\/2025\\\/03\\\/pond-lehocky-logo.png\",\"contentUrl\":\"https:\\\/\\\/pondlehockydisability.com\\\/wp-content\\\/uploads\\\/2025\\\/03\\\/pond-lehocky-logo.png\",\"width\":183,\"height\":40,\"caption\":\"Pond Lehocky Giordano LLP\"},\"image\":{\"@id\":\"https:\\\/\\\/pondlehockydisability.com\\\/es\\\/#\\\/schema\\\/logo\\\/image\\\/\"},\"sameAs\":[\"https:\\\/\\\/www.instagram.com\\\/pondlehocky\\\/\",\"https:\\\/\\\/www.youtube.com\\\/user\\\/pondlehocky\",\"https:\\\/\\\/www.tiktok.com\\\/@pondlehockygiordano\",\"https:\\\/\\\/www.facebook.com\\\/PondLehocky\",\"https:\\\/\\\/www.linkedin.com\\\/company\\\/pond-lehocky-giordano\\\/\"]}]}<\/script>\n<!-- \/ Yoast SEO Premium plugin. -->","yoast_head_json":{"title":"Pol\u00edtica de privacidad | Pond Lehocky Disability","description":"Conozca c\u00f3mo protegemos su informaci\u00f3n personal en Pond Lehocky. Nuestra pol\u00edtica de privacidad garantiza su seguridad.","robots":{"index":"index","follow":"follow","max-snippet":"max-snippet:-1","max-image-preview":"max-image-preview:large","max-video-preview":"max-video-preview:-1"},"canonical":"https:\/\/pondlehockydisability.com\/es\/politica-de-privacidad\/","og_locale":"es_ES","og_type":"article","og_title":"Pol\u00edtica de privacidad","og_description":"Conozca c\u00f3mo protegemos su informaci\u00f3n personal en Pond Lehocky. Nuestra pol\u00edtica de privacidad garantiza su seguridad.","og_url":"https:\/\/pondlehockydisability.com\/es\/politica-de-privacidad\/","og_site_name":"Pond Lehocky Giordano LLP","article_publisher":"https:\/\/www.instagram.com\/pondlehocky\/","article_modified_time":"2025-12-01T19:09:41+00:00","og_image":[{"width":1440,"height":653,"url":"https:\/\/pondlehockydisability.com\/wp-content\/uploads\/2024\/10\/Tell-Us-Your-Story.jpg","type":"image\/jpeg"}],"twitter_card":"summary_large_image","schema":{"@context":"https:\/\/schema.org","@graph":[{"@type":"WebPage","@id":"https:\/\/pondlehockydisability.com\/es\/politica-de-privacidad\/","url":"https:\/\/pondlehockydisability.com\/es\/politica-de-privacidad\/","name":"Pol\u00edtica de privacidad | Pond Lehocky Disability","isPartOf":{"@id":"https:\/\/pondlehockydisability.com\/es\/#website"},"datePublished":"2025-04-29T19:09:32+00:00","dateModified":"2025-12-01T19:09:41+00:00","description":"Conozca c\u00f3mo protegemos su informaci\u00f3n personal en Pond Lehocky. Nuestra pol\u00edtica de privacidad garantiza su seguridad.","breadcrumb":{"@id":"https:\/\/pondlehockydisability.com\/es\/politica-de-privacidad\/#breadcrumb"},"inLanguage":"es-ES","potentialAction":[{"@type":"ReadAction","target":["https:\/\/pondlehockydisability.com\/es\/politica-de-privacidad\/"]}]},{"@type":"BreadcrumbList","@id":"https:\/\/pondlehockydisability.com\/es\/politica-de-privacidad\/#breadcrumb","itemListElement":[{"@type":"ListItem","position":1,"name":"Home","item":"https:\/\/pondlehockydisability.com\/es\/"},{"@type":"ListItem","position":2,"name":"Pol\u00edtica de privacidad"}]},{"@type":"WebSite","@id":"https:\/\/pondlehockydisability.com\/es\/#website","url":"https:\/\/pondlehockydisability.com\/es\/","name":"Pond Lehocky Giordano LLP","description":"Largest workers\u2019 compensation and Social Security disability law firm in Pennsylvania","publisher":{"@id":"https:\/\/pondlehockydisability.com\/es\/#organization"},"potentialAction":[{"@type":"SearchAction","target":{"@type":"EntryPoint","urlTemplate":"https:\/\/pondlehockydisability.com\/es\/?s={search_term_string}"},"query-input":{"@type":"PropertyValueSpecification","valueRequired":true,"valueName":"search_term_string"}}],"inLanguage":"es-ES"},{"@type":"Organization","@id":"https:\/\/pondlehockydisability.com\/es\/#organization","name":"Pond Lehocky Giordano LLP","url":"https:\/\/pondlehockydisability.com\/es\/","logo":{"@type":"ImageObject","inLanguage":"es-ES","@id":"https:\/\/pondlehockydisability.com\/es\/#\/schema\/logo\/image\/","url":"https:\/\/pondlehockydisability.com\/wp-content\/uploads\/2025\/03\/pond-lehocky-logo.png","contentUrl":"https:\/\/pondlehockydisability.com\/wp-content\/uploads\/2025\/03\/pond-lehocky-logo.png","width":183,"height":40,"caption":"Pond Lehocky Giordano LLP"},"image":{"@id":"https:\/\/pondlehockydisability.com\/es\/#\/schema\/logo\/image\/"},"sameAs":["https:\/\/www.instagram.com\/pondlehocky\/","https:\/\/www.youtube.com\/user\/pondlehocky","https:\/\/www.tiktok.com\/@pondlehockygiordano","https:\/\/www.facebook.com\/PondLehocky","https:\/\/www.linkedin.com\/company\/pond-lehocky-giordano\/"]}]}},"_links":{"self":[{"href":"https:\/\/pondlehockydisability.com\/es\/wp-json\/wp\/v2\/pages\/7834","targetHints":{"allow":["GET"]}}],"collection":[{"href":"https:\/\/pondlehockydisability.com\/es\/wp-json\/wp\/v2\/pages"}],"about":[{"href":"https:\/\/pondlehockydisability.com\/es\/wp-json\/wp\/v2\/types\/page"}],"author":[{"embeddable":true,"href":"https:\/\/pondlehockydisability.com\/es\/wp-json\/wp\/v2\/users\/36"}],"replies":[{"embeddable":true,"href":"https:\/\/pondlehockydisability.com\/es\/wp-json\/wp\/v2\/comments?post=7834"}],"version-history":[{"count":0,"href":"https:\/\/pondlehockydisability.com\/es\/wp-json\/wp\/v2\/pages\/7834\/revisions"}],"wp:attachment":[{"href":"https:\/\/pondlehockydisability.com\/es\/wp-json\/wp\/v2\/media?parent=7834"}],"curies":[{"name":"wp","href":"https:\/\/api.w.org\/{rel}","templated":true}]}}