{"id":7841,"date":"2025-04-29T19:21:25","date_gmt":"2025-04-29T19:21:25","guid":{"rendered":"https:\/\/pondlehockydisability.com\/?page_id=7841"},"modified":"2025-05-05T16:12:50","modified_gmt":"2025-05-05T16:12:50","slug":"accesibilidad","status":"publish","type":"page","link":"https:\/\/pondlehockydisability.com\/es\/accesibilidad\/","title":{"rendered":"Accesibilidad"},"content":{"rendered":"    <section class=\"pl-block pl-raw-content mb-5 md:mb-7 pl-t [&#038;.border-t-2]:pt-8    \" data-inviewport=\"fadein-slideUp\">\n        <p>Pond Lehocky Giordano, LLP, se compromete a facilitar la accesibilidad y usabilidad de los sitios web del bufete (por ejemplo, pondlehocky.com) para todas las personas con discapacidad. La empresa prueba continuamente las partes nuevas y existentes de los sitios de la empresa para identificar problemas de usabilidad y mejorar la accesibilidad de los sitios de la empresa.<\/p>\n<p>Esta pol\u00edtica de accesibilidad (la \u00abpol\u00edtica\u00bb) indica que la empresa ha realizado, y sigue realizando, esfuerzos razonables para garantizar que las p\u00e1ginas aplicables en todos los sitios de la empresa cumplan las normas establecidas por las Directrices de Accesibilidad al Contenido Web 2.0 Nivel AA (WCAG 2.0 AA) del Consorcio World Wide Web. Esta pol\u00edtica est\u00e1 disponible en todas las p\u00e1ginas web de la empresa.<\/p>\n<p>La empresa forma a sus empleados en las normas de accesibilidad adecuadas para garantizar que los objetivos y las normas establecidas en esta pol\u00edtica se apliquen y se mantengan correctamente.<\/p>\n<p>La empresa se compromete a mejorar las \u00e1reas de los sitios de la empresa que no cumplen con las WCAG 2.0 AA y agradece cualquier comentario o recomendaci\u00f3n. Si un visitante de uno de los sitios de la empresa determina que una p\u00e1gina web no cumple con los objetivos y las normas establecidas en esta pol\u00edtica, la empresa realizar\u00e1 r\u00e1pidamente esfuerzos razonables para conformar dicha p\u00e1gina web o para proporcionar una alternativa igualmente eficaz. Una alternativa igualmente eficaz significa que dicha alternativa comunicar\u00e1 la misma informaci\u00f3n y proporcionar\u00e1 la(s) funci\u00f3n(es) equivalente(s) que se encuentra(n) en la p\u00e1gina web.<\/p>\n<p>Por favor, dirija cualquier pregunta sobre esta pol\u00edtica o cualquier duda sobre la accesibilidad de una p\u00e1gina web de la empresa, a<\/p>\n<p>Tel\u00e9fono:<br \/>\n<a href=\"tel:12155687500\">215-568-7500<\/a><\/p>\n<p>Correo electr\u00f3nico:<br \/>\n<a href=\"mailto:info@pondlehocky.com\">info@pondlehocky.com<\/a><\/p>\n    <\/section>\n\n","protected":false},"excerpt":{"rendered":"","protected":false},"author":36,"featured_media":5066,"parent":0,"menu_order":0,"comment_status":"closed","ping_status":"closed","template":"page-sidebar.php","meta":{"_acf_changed":false,"footnotes":""},"class_list":["post-7841","page","type-page","status-publish","has-post-thumbnail","hentry"],"acf":[],"yoast_head":"<!-- This site is optimized with the Yoast SEO Premium plugin v24.7 (Yoast SEO v27.3) - https:\/\/yoast.com\/product\/yoast-seo-premium-wordpress\/ -->\n<title>Accesibilidad | Pond Lehocky Disability<\/title>\n<meta name=\"description\" content=\"Conozca nuestro compromiso con la accesibilidad digital para que todos puedan navegar por el sitio web de Pond Lehocky sin barreras.\" \/>\n<meta name=\"robots\" content=\"index, follow, max-snippet:-1, max-image-preview:large, max-video-preview:-1\" \/>\n<link rel=\"canonical\" href=\"https:\/\/pondlehockydisability.com\/es\/accesibilidad\/\" \/>\n<meta property=\"og:locale\" content=\"es_ES\" \/>\n<meta property=\"og:type\" content=\"article\" \/>\n<meta property=\"og:title\" content=\"Accesibilidad\" \/>\n<meta property=\"og:description\" content=\"Conozca nuestro compromiso con la accesibilidad digital para que todos puedan navegar por el sitio web de Pond Lehocky sin barreras.\" \/>\n<meta property=\"og:url\" content=\"https:\/\/pondlehockydisability.com\/es\/accesibilidad\/\" \/>\n<meta property=\"og:site_name\" content=\"Pond Lehocky Giordano LLP\" \/>\n<meta property=\"article:publisher\" content=\"https:\/\/www.instagram.com\/pondlehocky\/\" \/>\n<meta property=\"article:modified_time\" content=\"2025-05-05T16:12:50+00:00\" \/>\n<meta name=\"twitter:card\" content=\"summary_large_image\" \/>\n<meta name=\"twitter:label1\" content=\"Est. reading time\" \/>\n\t<meta name=\"twitter:data1\" content=\"1 minute\" \/>\n<script type=\"application\/ld+json\" class=\"yoast-schema-graph\">{\"@context\":\"https:\\\/\\\/schema.org\",\"@graph\":[{\"@type\":\"WebPage\",\"@id\":\"https:\\\/\\\/pondlehockydisability.com\\\/es\\\/accesibilidad\\\/\",\"url\":\"https:\\\/\\\/pondlehockydisability.com\\\/es\\\/accesibilidad\\\/\",\"name\":\"Accesibilidad | Pond Lehocky Disability\",\"isPartOf\":{\"@id\":\"https:\\\/\\\/pondlehockydisability.com\\\/es\\\/#website\"},\"primaryImageOfPage\":{\"@id\":\"https:\\\/\\\/pondlehockydisability.com\\\/es\\\/accesibilidad\\\/#primaryimage\"},\"image\":{\"@id\":\"https:\\\/\\\/pondlehockydisability.com\\\/es\\\/accesibilidad\\\/#primaryimage\"},\"thumbnailUrl\":\"https:\\\/\\\/pondlehockydisability.com\\\/wp-content\\\/uploads\\\/2024\\\/07\\\/PLG-PIC.avif\",\"datePublished\":\"2025-04-29T19:21:25+00:00\",\"dateModified\":\"2025-05-05T16:12:50+00:00\",\"description\":\"Conozca nuestro compromiso con la accesibilidad digital para que todos puedan navegar por el sitio web de Pond Lehocky sin barreras.\",\"breadcrumb\":{\"@id\":\"https:\\\/\\\/pondlehockydisability.com\\\/es\\\/accesibilidad\\\/#breadcrumb\"},\"inLanguage\":\"es-ES\",\"potentialAction\":[{\"@type\":\"ReadAction\",\"target\":[\"https:\\\/\\\/pondlehockydisability.com\\\/es\\\/accesibilidad\\\/\"]}]},{\"@type\":\"ImageObject\",\"inLanguage\":\"es-ES\",\"@id\":\"https:\\\/\\\/pondlehockydisability.com\\\/es\\\/accesibilidad\\\/#primaryimage\",\"url\":\"https:\\\/\\\/pondlehockydisability.com\\\/wp-content\\\/uploads\\\/2024\\\/07\\\/PLG-PIC.avif\",\"contentUrl\":\"https:\\\/\\\/pondlehockydisability.com\\\/wp-content\\\/uploads\\\/2024\\\/07\\\/PLG-PIC.avif\",\"width\":1440,\"height\":325,\"caption\":\"Sam Pond Smiling\"},{\"@type\":\"BreadcrumbList\",\"@id\":\"https:\\\/\\\/pondlehockydisability.com\\\/es\\\/accesibilidad\\\/#breadcrumb\",\"itemListElement\":[{\"@type\":\"ListItem\",\"position\":1,\"name\":\"Home\",\"item\":\"https:\\\/\\\/pondlehockydisability.com\\\/es\\\/\"},{\"@type\":\"ListItem\",\"position\":2,\"name\":\"Accesibilidad\"}]},{\"@type\":\"WebSite\",\"@id\":\"https:\\\/\\\/pondlehockydisability.com\\\/es\\\/#website\",\"url\":\"https:\\\/\\\/pondlehockydisability.com\\\/es\\\/\",\"name\":\"Pond Lehocky Giordano LLP\",\"description\":\"Largest workers\u2019 compensation and Social Security disability law firm in Pennsylvania\",\"publisher\":{\"@id\":\"https:\\\/\\\/pondlehockydisability.com\\\/es\\\/#organization\"},\"potentialAction\":[{\"@type\":\"SearchAction\",\"target\":{\"@type\":\"EntryPoint\",\"urlTemplate\":\"https:\\\/\\\/pondlehockydisability.com\\\/es\\\/?s={search_term_string}\"},\"query-input\":{\"@type\":\"PropertyValueSpecification\",\"valueRequired\":true,\"valueName\":\"search_term_string\"}}],\"inLanguage\":\"es-ES\"},{\"@type\":\"Organization\",\"@id\":\"https:\\\/\\\/pondlehockydisability.com\\\/es\\\/#organization\",\"name\":\"Pond Lehocky Giordano LLP\",\"url\":\"https:\\\/\\\/pondlehockydisability.com\\\/es\\\/\",\"logo\":{\"@type\":\"ImageObject\",\"inLanguage\":\"es-ES\",\"@id\":\"https:\\\/\\\/pondlehockydisability.com\\\/es\\\/#\\\/schema\\\/logo\\\/image\\\/\",\"url\":\"https:\\\/\\\/pondlehockydisability.com\\\/wp-content\\\/uploads\\\/2025\\\/03\\\/pond-lehocky-logo.png\",\"contentUrl\":\"https:\\\/\\\/pondlehockydisability.com\\\/wp-content\\\/uploads\\\/2025\\\/03\\\/pond-lehocky-logo.png\",\"width\":183,\"height\":40,\"caption\":\"Pond Lehocky Giordano LLP\"},\"image\":{\"@id\":\"https:\\\/\\\/pondlehockydisability.com\\\/es\\\/#\\\/schema\\\/logo\\\/image\\\/\"},\"sameAs\":[\"https:\\\/\\\/www.instagram.com\\\/pondlehocky\\\/\",\"https:\\\/\\\/www.youtube.com\\\/user\\\/pondlehocky\",\"https:\\\/\\\/www.tiktok.com\\\/@pondlehockygiordano\",\"https:\\\/\\\/www.facebook.com\\\/PondLehocky\",\"https:\\\/\\\/www.linkedin.com\\\/company\\\/pond-lehocky-giordano\\\/\"]}]}<\/script>\n<!-- \/ Yoast SEO Premium plugin. -->","yoast_head_json":{"title":"Accesibilidad | Pond Lehocky Disability","description":"Conozca nuestro compromiso con la accesibilidad digital para que todos puedan navegar por el sitio web de Pond Lehocky sin barreras.","robots":{"index":"index","follow":"follow","max-snippet":"max-snippet:-1","max-image-preview":"max-image-preview:large","max-video-preview":"max-video-preview:-1"},"canonical":"https:\/\/pondlehockydisability.com\/es\/accesibilidad\/","og_locale":"es_ES","og_type":"article","og_title":"Accesibilidad","og_description":"Conozca nuestro compromiso con la accesibilidad digital para que todos puedan navegar por el sitio web de Pond Lehocky sin barreras.","og_url":"https:\/\/pondlehockydisability.com\/es\/accesibilidad\/","og_site_name":"Pond Lehocky Giordano LLP","article_publisher":"https:\/\/www.instagram.com\/pondlehocky\/","article_modified_time":"2025-05-05T16:12:50+00:00","twitter_card":"summary_large_image","twitter_misc":{"Est. reading time":"1 minute"},"schema":{"@context":"https:\/\/schema.org","@graph":[{"@type":"WebPage","@id":"https:\/\/pondlehockydisability.com\/es\/accesibilidad\/","url":"https:\/\/pondlehockydisability.com\/es\/accesibilidad\/","name":"Accesibilidad | Pond Lehocky Disability","isPartOf":{"@id":"https:\/\/pondlehockydisability.com\/es\/#website"},"primaryImageOfPage":{"@id":"https:\/\/pondlehockydisability.com\/es\/accesibilidad\/#primaryimage"},"image":{"@id":"https:\/\/pondlehockydisability.com\/es\/accesibilidad\/#primaryimage"},"thumbnailUrl":"https:\/\/pondlehockydisability.com\/wp-content\/uploads\/2024\/07\/PLG-PIC.avif","datePublished":"2025-04-29T19:21:25+00:00","dateModified":"2025-05-05T16:12:50+00:00","description":"Conozca nuestro compromiso con la accesibilidad digital para que todos puedan navegar por el sitio web de Pond Lehocky sin barreras.","breadcrumb":{"@id":"https:\/\/pondlehockydisability.com\/es\/accesibilidad\/#breadcrumb"},"inLanguage":"es-ES","potentialAction":[{"@type":"ReadAction","target":["https:\/\/pondlehockydisability.com\/es\/accesibilidad\/"]}]},{"@type":"ImageObject","inLanguage":"es-ES","@id":"https:\/\/pondlehockydisability.com\/es\/accesibilidad\/#primaryimage","url":"https:\/\/pondlehockydisability.com\/wp-content\/uploads\/2024\/07\/PLG-PIC.avif","contentUrl":"https:\/\/pondlehockydisability.com\/wp-content\/uploads\/2024\/07\/PLG-PIC.avif","width":1440,"height":325,"caption":"Sam Pond Smiling"},{"@type":"BreadcrumbList","@id":"https:\/\/pondlehockydisability.com\/es\/accesibilidad\/#breadcrumb","itemListElement":[{"@type":"ListItem","position":1,"name":"Home","item":"https:\/\/pondlehockydisability.com\/es\/"},{"@type":"ListItem","position":2,"name":"Accesibilidad"}]},{"@type":"WebSite","@id":"https:\/\/pondlehockydisability.com\/es\/#website","url":"https:\/\/pondlehockydisability.com\/es\/","name":"Pond Lehocky Giordano LLP","description":"Largest workers\u2019 compensation and Social Security disability law firm in Pennsylvania","publisher":{"@id":"https:\/\/pondlehockydisability.com\/es\/#organization"},"potentialAction":[{"@type":"SearchAction","target":{"@type":"EntryPoint","urlTemplate":"https:\/\/pondlehockydisability.com\/es\/?s={search_term_string}"},"query-input":{"@type":"PropertyValueSpecification","valueRequired":true,"valueName":"search_term_string"}}],"inLanguage":"es-ES"},{"@type":"Organization","@id":"https:\/\/pondlehockydisability.com\/es\/#organization","name":"Pond Lehocky Giordano LLP","url":"https:\/\/pondlehockydisability.com\/es\/","logo":{"@type":"ImageObject","inLanguage":"es-ES","@id":"https:\/\/pondlehockydisability.com\/es\/#\/schema\/logo\/image\/","url":"https:\/\/pondlehockydisability.com\/wp-content\/uploads\/2025\/03\/pond-lehocky-logo.png","contentUrl":"https:\/\/pondlehockydisability.com\/wp-content\/uploads\/2025\/03\/pond-lehocky-logo.png","width":183,"height":40,"caption":"Pond Lehocky Giordano LLP"},"image":{"@id":"https:\/\/pondlehockydisability.com\/es\/#\/schema\/logo\/image\/"},"sameAs":["https:\/\/www.instagram.com\/pondlehocky\/","https:\/\/www.youtube.com\/user\/pondlehocky","https:\/\/www.tiktok.com\/@pondlehockygiordano","https:\/\/www.facebook.com\/PondLehocky","https:\/\/www.linkedin.com\/company\/pond-lehocky-giordano\/"]}]}},"_links":{"self":[{"href":"https:\/\/pondlehockydisability.com\/es\/wp-json\/wp\/v2\/pages\/7841","targetHints":{"allow":["GET"]}}],"collection":[{"href":"https:\/\/pondlehockydisability.com\/es\/wp-json\/wp\/v2\/pages"}],"about":[{"href":"https:\/\/pondlehockydisability.com\/es\/wp-json\/wp\/v2\/types\/page"}],"author":[{"embeddable":true,"href":"https:\/\/pondlehockydisability.com\/es\/wp-json\/wp\/v2\/users\/36"}],"replies":[{"embeddable":true,"href":"https:\/\/pondlehockydisability.com\/es\/wp-json\/wp\/v2\/comments?post=7841"}],"version-history":[{"count":0,"href":"https:\/\/pondlehockydisability.com\/es\/wp-json\/wp\/v2\/pages\/7841\/revisions"}],"wp:featuredmedia":[{"embeddable":true,"href":"https:\/\/pondlehockydisability.com\/es\/wp-json\/wp\/v2\/media\/5066"}],"wp:attachment":[{"href":"https:\/\/pondlehockydisability.com\/es\/wp-json\/wp\/v2\/media?parent=7841"}],"curies":[{"name":"wp","href":"https:\/\/api.w.org\/{rel}","templated":true}]}}