{"id":8460,"date":"2025-06-10T19:11:22","date_gmt":"2025-06-10T19:11:22","guid":{"rendered":"https:\/\/pondlehockydisability.com\/abogado-especializado-en-discapacidad-de-la-seguridad-social-por-trastorno-depresivo-mayor\/"},"modified":"2025-06-10T20:56:44","modified_gmt":"2025-06-10T20:56:44","slug":"abogado-especializado-en-discapacidad-de-la-seguridad-social-por-trastorno-depresivo-mayor","status":"publish","type":"page","link":"https:\/\/pondlehockydisability.com\/es\/abogado-especializado-en-discapacidad-de-la-seguridad-social-por-trastorno-depresivo-mayor\/","title":{"rendered":"Abogado especializado en discapacidad de la Seguridad Social por trastorno depresivo mayor"},"content":{"rendered":"    <section class=\"pl-block pl-raw-content mb-5 md:mb-7 pl-t [&#038;.border-t-2]:pt-8   pl-t--text-blue \" data-inviewport=\"fadein-slideUp\">\n        <p><span style=\"font-weight: 400\">Muchas personas experimentan tristeza ocasionalmente. Sin embargo, para algunas personas, una condici\u00f3n denominada trastorno depresivo mayor afecta cada faceta de su vida de tal manera que, independientemente de su deseo de ser felices, productivas y motivadas, existe una limitaci\u00f3n que se los impide. En estas situaciones, puede resultar crucial que dispongan de apoyo financiero para poder concentrarse en su salud y bienestar.  <\/span><\/p>\n<p><span style=\"font-weight: 400\">Al colaborar con un abogado especializado en discapacidad de la Seguridad Social por trastorno depresivo mayor, usted puede averiguar si re\u00fane los requisitos para obtener la discapacidad. La Seguridad Social establece requisitos muy espec\u00edficos que usted debe cumplir para lograrlo, y nuestro equipo legal en Pond Lehocky Disability puede asistirle. <\/span><\/p>\n    <\/section>\n\n    <section class=\"pl-block pl-raw-content mb-5 md:mb-7 pl-t [&#038;.border-t-2]:pt-8   pl-t--text-blue \" data-inviewport=\"fadein-slideUp\">\n        <h2><span class=\"ez-toc-section\" id=\"Condiciones_de_salud_mental_comunes_elegibles_para_beneficios_de_SSD\"><\/span><b>Condiciones de salud mental comunes elegibles para beneficios de SSD<\/b><span class=\"ez-toc-section-end\"><\/span><\/h2>\n<p><span style=\"font-weight: 400\">La Discapacidad de la Seguridad Social reconoce una amplia gama de trastornos m\u00e9dicos y psicol\u00f3gicos como incapacitantes, lo que significa que le afectan de manera tan significativa que le impiden trabajar. En el \u00e1mbito de las condiciones de salud mental, los siguientes son algunos ejemplos de aquellas que podr\u00edan cumplir los requisitos para beneficios de SSD: <\/span><\/p>\n<ul>\n<li style=\"font-weight: 400\"><span style=\"font-weight: 400\">Depresi\u00f3n mayor y cl\u00ednica<\/span><\/li>\n<li style=\"font-weight: 400\"><span style=\"font-weight: 400\">Trastornos del estado de \u00e1nimo<\/span><\/li>\n<li style=\"font-weight: 400\"><span style=\"font-weight: 400\">Trastorno de ansiedad generalizada<\/span><\/li>\n<li style=\"font-weight: 400\"><span style=\"font-weight: 400\">Trastorno bipolar y trastorno bipolar II<\/span><\/li>\n<li style=\"font-weight: 400\"><span style=\"font-weight: 400\">Trastorno de estr\u00e9s postraum\u00e1tico<\/span><\/li>\n<li style=\"font-weight: 400\"><span style=\"font-weight: 400\">Trastornos alimentarios<\/span><\/li>\n<li style=\"font-weight: 400\"><span style=\"font-weight: 400\">Fobias<\/span><\/li>\n<li style=\"font-weight: 400\"><span style=\"font-weight: 400\">Trastorno obsesivo-compulsivo<\/span><\/li>\n<li style=\"font-weight: 400\"><span style=\"font-weight: 400\">Alucinaciones<\/span><\/li>\n<li style=\"font-weight: 400\"><span style=\"font-weight: 400\">Trastorno por d\u00e9ficit de atenci\u00f3n<\/span><\/li>\n<li style=\"font-weight: 400\"><span style=\"font-weight: 400\">Trastorno por d\u00e9ficit de atenci\u00f3n e hiperactividad<\/span><\/li>\n<li style=\"font-weight: 400\"><span style=\"font-weight: 400\">Esquizofrenia<\/span><\/li>\n<\/ul>\n<p><span style=\"font-weight: 400\">Una persona puede padecer m\u00e1s de una de estas condiciones simult\u00e1neamente.<\/span><\/p>\n    <\/section>\n\n    <section class=\"pl-block pl-raw-content mb-5 md:mb-7 pl-t [&#038;.border-t-2]:pt-8   pl-t--text-blue \" data-inviewport=\"fadein-slideUp\">\n        <h2><span class=\"ez-toc-section\" id=\"%C2%BFSe_puede_obtener_discapacidad_por_trastorno_depresivo_mayor\"><\/span><b>\u00bfSe puede obtener discapacidad por trastorno depresivo mayor?<\/b><span class=\"ez-toc-section-end\"><\/span><\/h2>\n<p><span style=\"font-weight: 400\">Es posible obtener la discapacidad de la Seguridad Social por trastorno depresivo mayor. Para ello, debe demostrar que presenta los s\u00edntomas asociados con este trastorno y cumplir los requisitos establecidos en el <\/span> <a href=\"https:\/\/www.ssa.gov\/disability\/professionals\/bluebook\/AdultListings.htm\"><span style=\"font-weight: 400\">Libro Azul de la SSA<\/span><\/a><span style=\"font-weight: 400\"> para la depresi\u00f3n.<\/span><\/p>\n<p><span style=\"font-weight: 400\">Para calificar para los beneficios por discapacidad bajo esta condici\u00f3n, debe demostrar cinco o m\u00e1s de los siguientes s\u00edntomas:<\/span><\/p>\n<ul>\n<li style=\"font-weight: 400\"><span style=\"font-weight: 400\">Estado de \u00e1nimo deprimido<\/span><\/li>\n<li style=\"font-weight: 400\"><span style=\"font-weight: 400\">Disminuci\u00f3n del inter\u00e9s en actividades<\/span><\/li>\n<li style=\"font-weight: 400\"><span style=\"font-weight: 400\">Cambios en el apetito, incluyendo falta de apetito o sobrealimentaci\u00f3n, que conducen a cambios de peso<\/span><\/li>\n<li style=\"font-weight: 400\"><span style=\"font-weight: 400\">Alteraciones del sue\u00f1o, incluyendo dormir todo el tiempo o no dormir en absoluto<\/span><\/li>\n<li style=\"font-weight: 400\"><span style=\"font-weight: 400\">Sentimientos de culpa e inutilidad<\/span><\/li>\n<li style=\"font-weight: 400\"><span style=\"font-weight: 400\">Dificultad para pensar, procesar o concentrarse<\/span><\/li>\n<li style=\"font-weight: 400\"><span style=\"font-weight: 400\">Movimientos y reacciones f\u00edsicas enlentecidas, como habla lenta<\/span><\/li>\n<li style=\"font-weight: 400\"><span style=\"font-weight: 400\">Pensamientos de suicidio o muerte<\/span><\/li>\n<\/ul>\n<p><span style=\"font-weight: 400\">Otros factores tambi\u00e9n pueden ayudarle a calificar. Lo fundamental aqu\u00ed es demostrar que estas no son solo situaciones aisladas, sino instancias prolongadas de impacto. <\/span><\/p>\n    <\/section>\n\n    <section class=\"pl-block pl-raw-content mb-5 md:mb-7 pl-t [&#038;.border-t-2]:pt-8   pl-t--text-blue \" data-inviewport=\"fadein-slideUp\">\n        <h2><span class=\"ez-toc-section\" id=\"%C2%BFComo_demostrar_que_su_depresion_le_impide_trabajar\"><\/span><b>\u00bfC\u00f3mo demostrar que su depresi\u00f3n le impide trabajar?<\/b><span class=\"ez-toc-section-end\"><\/span><\/h2>\n<p><span style=\"font-weight: 400\">Puede que usted experimente muchos de los s\u00edntomas mencionados anteriormente, pero no est\u00e9 seguro de c\u00f3mo demostrar lo que le est\u00e1 sucediendo y su impacto en su capacidad para trabajar y realizar tareas como los dem\u00e1s. Seg\u00fan la <\/span><a href=\"https:\/\/www.eeoc.gov\/laws\/guidance\/depression-ptsd-other-mental-health-conditions-workplace-your-legal-rights\"><span style=\"font-weight: 400\"> Comisi\u00f3n de Igualdad de Oportunidades en el Empleo de los Estados Unidos<\/span><\/a><span style=\"font-weight: 400\">, su empleador no puede discriminarle debido a su condici\u00f3n de salud mental. En la mayor\u00eda de los casos, puede mantener su condici\u00f3n en privado, pero su empleador est\u00e1 autorizado a hacer preguntas m\u00e9dicas en estas situaciones: <\/span><\/p>\n<ul>\n<li style=\"font-weight: 400\"><span style=\"font-weight: 400\">Usted ha solicitado una adaptaci\u00f3n razonable.<\/span><\/li>\n<li style=\"font-weight: 400\"><span style=\"font-weight: 400\">Se le ha ofrecido un empleo, pero a\u00fan no ha comenzado a trabajar.<\/span><\/li>\n<li style=\"font-weight: 400\"><span style=\"font-weight: 400\">El empleador est\u00e1 implementando acciones afirmativas para personas con discapacidades.<\/span><\/li>\n<li style=\"font-weight: 400\"><span style=\"font-weight: 400\">Usted est\u00e1 en el trabajo y hay evidencia objetiva de que podr\u00eda ser incapaz de realizar su trabajo o que representa un riesgo para la seguridad.<\/span><\/li>\n<\/ul>\n<p><span style=\"font-weight: 400\">En ese momento, es posible que deba discutir su condici\u00f3n con su empleador. Para demostrar que su condici\u00f3n limita su capacidad para trabajar desde la perspectiva de la discapacidad de la Seguridad Social, necesitar\u00e1: <\/span><\/p>\n<ul>\n<li style=\"font-weight: 400\"><span style=\"font-weight: 400\">Tener evidencia m\u00e9dica que documente la condici\u00f3n<\/span><\/li>\n<li style=\"font-weight: 400\"><span style=\"font-weight: 400\">Contar con un diagn\u00f3stico formal y un historial de tratamiento para la misma<\/span><\/li>\n<li style=\"font-weight: 400\"><span style=\"font-weight: 400\">Completar ex\u00e1menes y pruebas de estado de salud mental<\/span><\/li>\n<li style=\"font-weight: 400\"><span style=\"font-weight: 400\">Se\u00f1alar las limitaciones funcionales que presenta<\/span><\/li>\n<\/ul>\n    <\/section>\n\n    <section class=\"pl-block pl-raw-content mb-5 md:mb-7 pl-t [&#038;.border-t-2]:pt-8   pl-t--text-blue \" data-inviewport=\"fadein-slideUp\">\n        <h2><span class=\"ez-toc-section\" id=\"Evidencia_medica_necesaria_para_una_reclamacion_exitosa\"><\/span><b>Evidencia m\u00e9dica necesaria para una reclamaci\u00f3n exitosa<\/b><span class=\"ez-toc-section-end\"><\/span><\/h2>\n<p><span style=\"font-weight: 400\">La evidencia m\u00e9dica debe demostrar la gravedad de su condici\u00f3n, mostrar c\u00f3mo su discapacidad limita su capacidad para trabajar y demostrar que la condici\u00f3n es continua. Los tipos de evidencia m\u00e9dica que puede necesitar incluyen: <\/span><\/p>\n<ul>\n<li style=\"font-weight: 400\"><span style=\"font-weight: 400\">Informes m\u00e9dicos<\/span><\/li>\n<li style=\"font-weight: 400\"><span style=\"font-weight: 400\">Resultados de pruebas diagn\u00f3sticas<\/span><\/li>\n<li style=\"font-weight: 400\"><span style=\"font-weight: 400\">Registros hospitalarios, si corresponde<\/span><\/li>\n<li style=\"font-weight: 400\"><span style=\"font-weight: 400\">Planes de tratamiento que tenga implementados<\/span><\/li>\n<li style=\"font-weight: 400\"><span style=\"font-weight: 400\">Evaluaciones de salud mental<\/span><\/li>\n<\/ul>\n    <\/section>\n\n    <section class=\"pl-block pl-raw-content mb-5 md:mb-7 pl-t [&#038;.border-t-2]:pt-8   pl-t--text-blue \" data-inviewport=\"fadein-slideUp\">\n        <h2><span class=\"ez-toc-section\" id=\"%C2%BFQue_es_una_evaluacion_de_capacidad_funcional_residual_mental_RFC\"><\/span><b>\u00bfQu\u00e9 es una evaluaci\u00f3n de capacidad funcional residual mental (RFC)?<\/b><span class=\"ez-toc-section-end\"><\/span><\/h2>\n<p><span style=\"font-weight: 400\">Una evaluaci\u00f3n de la capacidad funcional residual mental se lleva a cabo para determinar cu\u00e1n bien usted cumple con las exigencias intelectuales, emocionales y cognitivas del trabajo que realiza o de cualquier trabajo. Su examinador completar\u00e1 esta evaluaci\u00f3n con usted para determinar factores como su capacidad para seguir instrucciones, mantener la atenci\u00f3n y realizar tareas. Se consideran cuidadosamente una amplia gama de otros factores para determinar si su condici\u00f3n mental afecta su capacidad para trabajar.  <\/span><\/p>\n    <\/section>\n\n    <section class=\"pl-block pl-raw-content mb-5 md:mb-7 pl-t [&#038;.border-t-2]:pt-8   pl-t--text-blue \" data-inviewport=\"fadein-slideUp\">\n        <h2><span class=\"ez-toc-section\" id=\"%C2%BFTiene_usted_mayores_probabilidades_de_obtener_el_SSDI_con_un_abogado\"><\/span><b>\u00bfTiene usted mayores probabilidades de obtener el SSDI con un abogado?<\/b><span class=\"ez-toc-section-end\"><\/span><\/h2>\n<p><span style=\"font-weight: 400\">La Seguridad Social por Discapacidad es un proceso complicado con numerosos requisitos que usted debe cumplir. Peque\u00f1os errores u omisiones en su solicitud conducen a denegaciones. Su abogado sabe c\u00f3mo evitar esto y, al mismo tiempo, se asegura de que usted presente toda la informaci\u00f3n necesaria para probar su discapacidad.  <\/span><\/p>\n    <\/section>\n\n    <section class=\"pl-block pl-raw-content mb-5 md:mb-7 pl-t [&#038;.border-t-2]:pt-8   pl-t--text-blue \" data-inviewport=\"fadein-slideUp\">\n        <h2><span class=\"ez-toc-section\" id=\"Como_presentar_una_reclamacion_ante_la_Administracion_del_Seguro_Social_SSA\"><\/span><b>C\u00f3mo presentar una reclamaci\u00f3n ante la Administraci\u00f3n del Seguro Social (SSA)<\/b><span class=\"ez-toc-section-end\"><\/span><\/h2>\n<p><span style=\"font-weight: 400\">Usted puede solicitar los beneficios por discapacidad en l\u00ednea o por tel\u00e9fono. Tambi\u00e9n puede concertar una cita con su oficina local de la Administraci\u00f3n del Seguro Social. Le recomendamos que se ponga en contacto con nosotros para que nuestro equipo pueda ayudarle en este proceso. Si desea obtener m\u00e1s informaci\u00f3n o iniciar el proceso, puede llamar al 1-800-772-1213 para recibir orientaci\u00f3n.   <\/span><\/p>\n    <\/section>\n\n    <section class=\"pl-block pl-raw-content mb-5 md:mb-7 pl-t [&#038;.border-t-2]:pt-8   pl-t--text-blue \" data-inviewport=\"fadein-slideUp\">\n        <h2><span class=\"ez-toc-section\" id=\"Preparacion_para_una_audiencia_de_SSDI\"><\/span><b>Preparaci\u00f3n para una audiencia de SSDI<\/b><span class=\"ez-toc-section-end\"><\/span><\/h2>\n<p><span style=\"font-weight: 400\">En una audiencia, usted testificar\u00e1 sobre su condici\u00f3n y limitaciones. Deber\u00e1 presentar informaci\u00f3n sobre su educaci\u00f3n, formaci\u00f3n, historial laboral y las condiciones f\u00edsicas y mentales que causaron su discapacidad. Tambi\u00e9n tendr\u00e1 que documentar sus actividades y c\u00f3mo sus discapacidades han impactado su vida.  <\/span><\/p>\n<p><span style=\"font-weight: 400\">Cuando usted trabaje con nuestro equipo legal, le prepararemos para esta audiencia revisando minuciosamente su expediente y creando una hoja de referencia con fechas y detalles espec\u00edficos que afectan su caso. Usted debe tener consigo la informaci\u00f3n y los registros m\u00e9dicos m\u00e1s actualizados, junto con una declaraci\u00f3n de su m\u00e9dico. <\/span><\/p>\n    <\/section>\n\n    <section class=\"pl-block pl-raw-content mb-5 md:mb-7 pl-t [&#038;.border-t-2]:pt-8   pl-t--text-blue \" data-inviewport=\"fadein-slideUp\">\n        <ul>\n<li><b>Apelaci\u00f3n de una reclamaci\u00f3n denegada por trastorno depresivo mayor<\/b><\/li>\n<\/ul>\n<p><span style=\"font-weight: 400\">Si se enfrenta a una denegaci\u00f3n de una reclamaci\u00f3n, no se rinda todav\u00eda. En su lugar, p\u00f3ngase en contacto con Pond Lehocky Disability ahora para discutir su caso con nosotros. Perm\u00edtanos ayudarle a determinar la mejor estrategia para apelar y ganar su reclamaci\u00f3n.  <\/span><\/p>\n<h2><span class=\"ez-toc-section\" id=\"Hable_con_un_abogado_si_necesita_ayuda_para_presentar_una_reclamacion_de_SSD\"><\/span><b>Hable con un abogado si necesita ayuda para presentar una reclamaci\u00f3n de SSD<\/b><span class=\"ez-toc-section-end\"><\/span><\/h2>\n<p><span style=\"font-weight: 400\">Pond Lehocky Disability ha ayudado a m\u00e1s de 100.000 personas a gestionar sus casos. Con una experiencia combinada de 250 a\u00f1os, nuestro equipo est\u00e1 listo para asumir su caso ahora. <\/span><\/p>\n<p><span style=\"font-weight: 400\">Para programar una consulta gratuita y sin compromiso con nuestro equipo legal, llame al 1-800-568-7500 o complete nuestro formulario de contacto hoy mismo.<\/span><\/p>\n    <\/section>\n\n","protected":false},"excerpt":{"rendered":"","protected":false},"author":1,"featured_media":0,"parent":0,"menu_order":0,"comment_status":"closed","ping_status":"closed","template":"templates\/template-container-page.php","meta":{"_acf_changed":false,"footnotes":""},"class_list":["post-8460","page","type-page","status-publish","hentry"],"acf":[],"yoast_head":"<!-- This site is optimized with the Yoast SEO Premium plugin v24.7 (Yoast SEO v27.3) - https:\/\/yoast.com\/product\/yoast-seo-premium-wordpress\/ -->\n<title>Abogado especializado en discapacidad de la Seguridad Social por trastorno depresivo mayor | Pond Lehocky Giordano LLP<\/title>\n<meta name=\"description\" content=\"\u00bfPadece usted de trastorno depresivo mayor? Podr\u00eda ser elegible para la Discapacidad de la Seguridad Social si su condici\u00f3n le impide trabajar.\" \/>\n<meta name=\"robots\" content=\"index, follow, max-snippet:-1, max-image-preview:large, max-video-preview:-1\" \/>\n<link rel=\"canonical\" href=\"https:\/\/pondlehockydisability.com\/es\/abogado-especializado-en-discapacidad-de-la-seguridad-social-por-trastorno-depresivo-mayor\/\" \/>\n<meta property=\"og:locale\" content=\"es_ES\" \/>\n<meta property=\"og:type\" content=\"article\" \/>\n<meta property=\"og:title\" content=\"Abogado especializado en discapacidad de la Seguridad Social por trastorno depresivo mayor\" \/>\n<meta property=\"og:description\" content=\"\u00bfPadece usted de trastorno depresivo mayor? Podr\u00eda ser elegible para la Discapacidad de la Seguridad Social si su condici\u00f3n le impide trabajar.\" \/>\n<meta property=\"og:url\" content=\"https:\/\/pondlehockydisability.com\/es\/abogado-especializado-en-discapacidad-de-la-seguridad-social-por-trastorno-depresivo-mayor\/\" \/>\n<meta property=\"og:site_name\" content=\"Pond Lehocky Giordano LLP\" \/>\n<meta property=\"article:publisher\" content=\"https:\/\/www.instagram.com\/pondlehocky\/\" \/>\n<meta property=\"article:modified_time\" content=\"2025-06-10T20:56:44+00:00\" \/>\n<meta property=\"og:image\" content=\"https:\/\/pondlehockydisability.com\/wp-content\/uploads\/2024\/10\/Tell-Us-Your-Story.jpg\" \/>\n\t<meta property=\"og:image:width\" content=\"1440\" \/>\n\t<meta property=\"og:image:height\" content=\"653\" \/>\n\t<meta property=\"og:image:type\" content=\"image\/jpeg\" \/>\n<meta name=\"twitter:card\" content=\"summary_large_image\" \/>\n<script type=\"application\/ld+json\" class=\"yoast-schema-graph\">{\"@context\":\"https:\\\/\\\/schema.org\",\"@graph\":[{\"@type\":\"WebPage\",\"@id\":\"https:\\\/\\\/pondlehockydisability.com\\\/es\\\/abogado-especializado-en-discapacidad-de-la-seguridad-social-por-trastorno-depresivo-mayor\\\/\",\"url\":\"https:\\\/\\\/pondlehockydisability.com\\\/es\\\/abogado-especializado-en-discapacidad-de-la-seguridad-social-por-trastorno-depresivo-mayor\\\/\",\"name\":\"Abogado especializado en discapacidad de la Seguridad Social por trastorno depresivo mayor | Pond Lehocky Giordano LLP\",\"isPartOf\":{\"@id\":\"https:\\\/\\\/pondlehockydisability.com\\\/es\\\/#website\"},\"datePublished\":\"2025-06-10T19:11:22+00:00\",\"dateModified\":\"2025-06-10T20:56:44+00:00\",\"description\":\"\u00bfPadece usted de trastorno depresivo mayor? Podr\u00eda ser elegible para la Discapacidad de la Seguridad Social si su condici\u00f3n le impide trabajar.\",\"breadcrumb\":{\"@id\":\"https:\\\/\\\/pondlehockydisability.com\\\/es\\\/abogado-especializado-en-discapacidad-de-la-seguridad-social-por-trastorno-depresivo-mayor\\\/#breadcrumb\"},\"inLanguage\":\"es-ES\",\"potentialAction\":[{\"@type\":\"ReadAction\",\"target\":[\"https:\\\/\\\/pondlehockydisability.com\\\/es\\\/abogado-especializado-en-discapacidad-de-la-seguridad-social-por-trastorno-depresivo-mayor\\\/\"]}]},{\"@type\":\"BreadcrumbList\",\"@id\":\"https:\\\/\\\/pondlehockydisability.com\\\/es\\\/abogado-especializado-en-discapacidad-de-la-seguridad-social-por-trastorno-depresivo-mayor\\\/#breadcrumb\",\"itemListElement\":[{\"@type\":\"ListItem\",\"position\":1,\"name\":\"Home\",\"item\":\"https:\\\/\\\/pondlehockydisability.com\\\/es\\\/\"},{\"@type\":\"ListItem\",\"position\":2,\"name\":\"Abogado especializado en discapacidad de la Seguridad Social por trastorno depresivo mayor\"}]},{\"@type\":\"WebSite\",\"@id\":\"https:\\\/\\\/pondlehockydisability.com\\\/es\\\/#website\",\"url\":\"https:\\\/\\\/pondlehockydisability.com\\\/es\\\/\",\"name\":\"Pond Lehocky Giordano LLP\",\"description\":\"Largest workers\u2019 compensation and Social Security disability law firm in Pennsylvania\",\"publisher\":{\"@id\":\"https:\\\/\\\/pondlehockydisability.com\\\/es\\\/#organization\"},\"potentialAction\":[{\"@type\":\"SearchAction\",\"target\":{\"@type\":\"EntryPoint\",\"urlTemplate\":\"https:\\\/\\\/pondlehockydisability.com\\\/es\\\/?s={search_term_string}\"},\"query-input\":{\"@type\":\"PropertyValueSpecification\",\"valueRequired\":true,\"valueName\":\"search_term_string\"}}],\"inLanguage\":\"es-ES\"},{\"@type\":\"Organization\",\"@id\":\"https:\\\/\\\/pondlehockydisability.com\\\/es\\\/#organization\",\"name\":\"Pond Lehocky Giordano LLP\",\"url\":\"https:\\\/\\\/pondlehockydisability.com\\\/es\\\/\",\"logo\":{\"@type\":\"ImageObject\",\"inLanguage\":\"es-ES\",\"@id\":\"https:\\\/\\\/pondlehockydisability.com\\\/es\\\/#\\\/schema\\\/logo\\\/image\\\/\",\"url\":\"https:\\\/\\\/pondlehockydisability.com\\\/wp-content\\\/uploads\\\/2025\\\/03\\\/pond-lehocky-logo.png\",\"contentUrl\":\"https:\\\/\\\/pondlehockydisability.com\\\/wp-content\\\/uploads\\\/2025\\\/03\\\/pond-lehocky-logo.png\",\"width\":183,\"height\":40,\"caption\":\"Pond Lehocky Giordano LLP\"},\"image\":{\"@id\":\"https:\\\/\\\/pondlehockydisability.com\\\/es\\\/#\\\/schema\\\/logo\\\/image\\\/\"},\"sameAs\":[\"https:\\\/\\\/www.instagram.com\\\/pondlehocky\\\/\",\"https:\\\/\\\/www.youtube.com\\\/user\\\/pondlehocky\",\"https:\\\/\\\/www.tiktok.com\\\/@pondlehockygiordano\",\"https:\\\/\\\/www.facebook.com\\\/PondLehocky\",\"https:\\\/\\\/www.linkedin.com\\\/company\\\/pond-lehocky-giordano\\\/\"]}]}<\/script>\n<!-- \/ Yoast SEO Premium plugin. -->","yoast_head_json":{"title":"Abogado especializado en discapacidad de la Seguridad Social por trastorno depresivo mayor | Pond Lehocky Giordano LLP","description":"\u00bfPadece usted de trastorno depresivo mayor? Podr\u00eda ser elegible para la Discapacidad de la Seguridad Social si su condici\u00f3n le impide trabajar.","robots":{"index":"index","follow":"follow","max-snippet":"max-snippet:-1","max-image-preview":"max-image-preview:large","max-video-preview":"max-video-preview:-1"},"canonical":"https:\/\/pondlehockydisability.com\/es\/abogado-especializado-en-discapacidad-de-la-seguridad-social-por-trastorno-depresivo-mayor\/","og_locale":"es_ES","og_type":"article","og_title":"Abogado especializado en discapacidad de la Seguridad Social por trastorno depresivo mayor","og_description":"\u00bfPadece usted de trastorno depresivo mayor? Podr\u00eda ser elegible para la Discapacidad de la Seguridad Social si su condici\u00f3n le impide trabajar.","og_url":"https:\/\/pondlehockydisability.com\/es\/abogado-especializado-en-discapacidad-de-la-seguridad-social-por-trastorno-depresivo-mayor\/","og_site_name":"Pond Lehocky Giordano LLP","article_publisher":"https:\/\/www.instagram.com\/pondlehocky\/","article_modified_time":"2025-06-10T20:56:44+00:00","og_image":[{"width":1440,"height":653,"url":"https:\/\/pondlehockydisability.com\/wp-content\/uploads\/2024\/10\/Tell-Us-Your-Story.jpg","type":"image\/jpeg"}],"twitter_card":"summary_large_image","schema":{"@context":"https:\/\/schema.org","@graph":[{"@type":"WebPage","@id":"https:\/\/pondlehockydisability.com\/es\/abogado-especializado-en-discapacidad-de-la-seguridad-social-por-trastorno-depresivo-mayor\/","url":"https:\/\/pondlehockydisability.com\/es\/abogado-especializado-en-discapacidad-de-la-seguridad-social-por-trastorno-depresivo-mayor\/","name":"Abogado especializado en discapacidad de la Seguridad Social por trastorno depresivo mayor | Pond Lehocky Giordano LLP","isPartOf":{"@id":"https:\/\/pondlehockydisability.com\/es\/#website"},"datePublished":"2025-06-10T19:11:22+00:00","dateModified":"2025-06-10T20:56:44+00:00","description":"\u00bfPadece usted de trastorno depresivo mayor? Podr\u00eda ser elegible para la Discapacidad de la Seguridad Social si su condici\u00f3n le impide trabajar.","breadcrumb":{"@id":"https:\/\/pondlehockydisability.com\/es\/abogado-especializado-en-discapacidad-de-la-seguridad-social-por-trastorno-depresivo-mayor\/#breadcrumb"},"inLanguage":"es-ES","potentialAction":[{"@type":"ReadAction","target":["https:\/\/pondlehockydisability.com\/es\/abogado-especializado-en-discapacidad-de-la-seguridad-social-por-trastorno-depresivo-mayor\/"]}]},{"@type":"BreadcrumbList","@id":"https:\/\/pondlehockydisability.com\/es\/abogado-especializado-en-discapacidad-de-la-seguridad-social-por-trastorno-depresivo-mayor\/#breadcrumb","itemListElement":[{"@type":"ListItem","position":1,"name":"Home","item":"https:\/\/pondlehockydisability.com\/es\/"},{"@type":"ListItem","position":2,"name":"Abogado especializado en discapacidad de la Seguridad Social por trastorno depresivo mayor"}]},{"@type":"WebSite","@id":"https:\/\/pondlehockydisability.com\/es\/#website","url":"https:\/\/pondlehockydisability.com\/es\/","name":"Pond Lehocky Giordano LLP","description":"Largest workers\u2019 compensation and Social Security disability law firm in Pennsylvania","publisher":{"@id":"https:\/\/pondlehockydisability.com\/es\/#organization"},"potentialAction":[{"@type":"SearchAction","target":{"@type":"EntryPoint","urlTemplate":"https:\/\/pondlehockydisability.com\/es\/?s={search_term_string}"},"query-input":{"@type":"PropertyValueSpecification","valueRequired":true,"valueName":"search_term_string"}}],"inLanguage":"es-ES"},{"@type":"Organization","@id":"https:\/\/pondlehockydisability.com\/es\/#organization","name":"Pond Lehocky Giordano LLP","url":"https:\/\/pondlehockydisability.com\/es\/","logo":{"@type":"ImageObject","inLanguage":"es-ES","@id":"https:\/\/pondlehockydisability.com\/es\/#\/schema\/logo\/image\/","url":"https:\/\/pondlehockydisability.com\/wp-content\/uploads\/2025\/03\/pond-lehocky-logo.png","contentUrl":"https:\/\/pondlehockydisability.com\/wp-content\/uploads\/2025\/03\/pond-lehocky-logo.png","width":183,"height":40,"caption":"Pond Lehocky Giordano LLP"},"image":{"@id":"https:\/\/pondlehockydisability.com\/es\/#\/schema\/logo\/image\/"},"sameAs":["https:\/\/www.instagram.com\/pondlehocky\/","https:\/\/www.youtube.com\/user\/pondlehocky","https:\/\/www.tiktok.com\/@pondlehockygiordano","https:\/\/www.facebook.com\/PondLehocky","https:\/\/www.linkedin.com\/company\/pond-lehocky-giordano\/"]}]}},"_links":{"self":[{"href":"https:\/\/pondlehockydisability.com\/es\/wp-json\/wp\/v2\/pages\/8460","targetHints":{"allow":["GET"]}}],"collection":[{"href":"https:\/\/pondlehockydisability.com\/es\/wp-json\/wp\/v2\/pages"}],"about":[{"href":"https:\/\/pondlehockydisability.com\/es\/wp-json\/wp\/v2\/types\/page"}],"author":[{"embeddable":true,"href":"https:\/\/pondlehockydisability.com\/es\/wp-json\/wp\/v2\/users\/1"}],"replies":[{"embeddable":true,"href":"https:\/\/pondlehockydisability.com\/es\/wp-json\/wp\/v2\/comments?post=8460"}],"version-history":[{"count":0,"href":"https:\/\/pondlehockydisability.com\/es\/wp-json\/wp\/v2\/pages\/8460\/revisions"}],"wp:attachment":[{"href":"https:\/\/pondlehockydisability.com\/es\/wp-json\/wp\/v2\/media?parent=8460"}],"curies":[{"name":"wp","href":"https:\/\/api.w.org\/{rel}","templated":true}]}}